{"id":312,"date":"2023-06-11T11:02:37","date_gmt":"2023-06-11T02:02:37","guid":{"rendered":"https:\/\/techno-gateway.com\/ninestarsenergy\/?page_id=312"},"modified":"2024-04-14T16:08:11","modified_gmt":"2024-04-14T07:08:11","slug":"doyou","status":"publish","type":"page","link":"https:\/\/techno-gateway.com\/ninestarsenergy\/doyou\/","title":{"rendered":"\u571f\u7528\u306b\u3064\u3044\u3066"},"content":{"rendered":"\n<figure class=\"wp-block-image size-large\"><img decoding=\"async\" width=\"1024\" height=\"576\" src=\"https:\/\/techno-gateway.com\/ninestarsenergy\/wp-content\/uploads\/2023\/06\/shizuoka-Sand_Dunes_at_Nakatajima-s-1024x576.jpg\" alt=\"\" class=\"wp-image-319\" srcset=\"https:\/\/techno-gateway.com\/ninestarsenergy\/wp-content\/uploads\/2023\/06\/shizuoka-Sand_Dunes_at_Nakatajima-s-1024x576.jpg 1024w, https:\/\/techno-gateway.com\/ninestarsenergy\/wp-content\/uploads\/2023\/06\/shizuoka-Sand_Dunes_at_Nakatajima-s-300x169.jpg 300w, https:\/\/techno-gateway.com\/ninestarsenergy\/wp-content\/uploads\/2023\/06\/shizuoka-Sand_Dunes_at_Nakatajima-s-768x432.jpg 768w, https:\/\/techno-gateway.com\/ninestarsenergy\/wp-content\/uploads\/2023\/06\/shizuoka-Sand_Dunes_at_Nakatajima-s.jpg 1280w\" sizes=\"(max-width: 1024px) 100vw, 1024px\" \/><\/figure>\n\n\n\n<p class=\"has-text-align-right\"><span class=\"swl-fz u-fz-xs\">\u4e2d\u7530\u5cf6\u7802\u4e18\u306e\u98a8\u7d0b \u00a9 SUN \u30af\u30ea\u30a8\u30a4\u30c6\u30a3\u30d6\u30fb\u30b3\u30e2\u30f3\u30ba\u30fb\u30e9\u30a4\u30bb\u30f3\u30b9\uff08\u8868\u793a4.0 \u56fd\u969b\uff09https:\/\/creativecommons.org\/licenses\/by\/4.0\/<\/span><\/p>\n\n\n\n<h2 class=\"wp-block-heading\">\u571f\u7528\u3068\u306f<\/h2>\n\n\n\n<p><span class=\"swl-fz u-fz-l\">\u5b63\u7bc0\u306e\u5909\u308f\u308a\u76ee\u306e\u7d04\uff11\uff18\u65e5\u9593\u3002\u571f\u306e\u795e\u69d8\u304c\u652f\u914d\u3059\u308b\u671f\u9593\u3067\u3001\u5e74\u306b4\u56de\u3042\u308a\u307e\u3059\u3002<br>\u3000\uff12\uff10\uff12\uff14\u5e74\u306e\u571f\u7528\u306f<br>\u3000\u3000\u3000\u6625\uff1a\uff14\u6708\uff11\uff16\u65e5\u304b\u3089\uff15\u6708\uff14\u65e5<br>\u3000\u3000\u3000\u590f\uff1a\uff17\u6708\uff11\uff19\u65e5\u304b\u3089\uff18\u6708\uff16\u65e5<br>\u3000\u3000\u3000\u79cb\uff1a\uff11\uff10\u6708\uff12\uff10\u65e5\u304b\u3089\uff11\uff11\u6708\uff16\u65e5<br>\u3000\u3000\u3000\u51ac\uff1a\uff12\uff10\uff12\uff15\u5e74\uff11\u6708\uff11\uff17\u65e5\u304b\u3089\uff12\u6708\uff12\u65e5<br>\u3000\u3000<br>\u571f\u306e\u795e\u69d8\u304c\u571f\u3092\u8abf\u6574\u304f\u3060\u3055\u308b\u6642\u306a\u306e\u3067\u3001\u4eba\u304c\u571f\u3092\u89e6\u308b\u3053\u3068\u306f\u907f\u3051\u308b\u3079\u304d\u671f\u9593\u3068\u3055\u308c\u3066\u3044\u307e\u3059\u3002\u3000\u3000<br>\u6b21\u306e\u5b63\u7bc0\u306b\u79fb\u308b\u8abf\u6574\u671f\u3067\u3001\u6c23\uff08\u30a8\u30cd\u30eb\u30ae\u30fc\uff09\u304c\u4e71\u308c\u3084\u3059\u304f\u6df7\u6c8c\u3068\u3057\u3066\u3044\u307e\u3059\u306e\u3067\u3001\u4f53\u8abf\u3084\u7269\u4e8b\u306e\u9032\u6357\u306b\u95a2\u3057\u3066\u3082\u5c11\u3057\u6ce8\u610f\u304c\u5fc5\u8981\u3067\u3059\u3002<\/span><\/p>\n\n\n\n<h2 class=\"wp-block-heading\">\u571f\u7528\u306b\u3057\u3066\u306f\u3044\u3051\u306a\u3044\u3053\u3068<\/h2>\n\n\n\n<p><span class=\"swl-fz u-fz-l\">\u571f\u306e\u795e\u69d8\u306e\u671f\u9593\u3067\u3059\u306e\u3067\u3001\u571f\u306b\u95a2\u3059\u308b\u3053\u3068\u306f\uff2e\uff27\u3067\u3059\u3002<br>\u2015\u5bb6\u306a\u3069\u306e\u5efa\u7269\u3092\u5efa\u3066\u308b\u3053\u3068<br>\u2015\u4e95\u6238\u6398\u308a<br>\u2015\u5ead\u4ed5\u4e8b<br>\u306a\u3069\u7279\u306b\u571f\u3092\u6398\u308a\u8fd4\u3059\u3053\u3068\u3001\u7a74\u3092\u958b\u3051\u308b\u3053\u3068\uff08\u30d4\u30a2\u30b9\u306e\u7a74\u3092\u3042\u3051\u308b\u306e\u3082&#x2716;&#xfe0f;<\/span>\uff09<span class=\"swl-fz u-fz-l\">\u306f\u7981\u5fcc\u3068\u3055\u308c\u307e\u3059\u3002<\/span><\/p>\n\n\n\n<p><span class=\"swl-fz u-fz-l\">\u307e\u305f\u3001\u6c17\u304c\u4e71\u308c\u3084\u3059\u3044\u671f\u9593\u3067\u3082\u3042\u308a\u307e\u3059\u3002<br>\u5224\u65ad\u3092\u8aa4\u308a\u3084\u3059\u3044\u306e\u3067\u3001\u4eba\u751f\u306e\u571f\u53f0\u306b\u95a2\u308f\u308b\u6c7a\u65ad\u306a\u3069\u306f\u63a7\u3048\u307e\u3057\u3087\u3046\u3002<br>\u2015\u5f15\u8d8a\u3057<br>\u2015\u65b0\u898f\u958b\u5e97\u3001\u958b\u696d<br>\u2015\u5951\u7d04\u3054\u3068<br>\u306a\u3069\u65b0\u3057\u3044\u3053\u3068\u3092\u59cb\u3081\u308b\u306e\u3082\u4e0d\u9069\u5207\u306a\u671f\u9593\u3067\u3059\u3002<\/span><\/p>\n\n\n\n<h2 class=\"wp-block-heading\">\u571f\u7528\u306e\u904e\u3054\u3057\u65b9<\/h2>\n\n\n\n<p><span class=\"swl-fz u-fz-l\">\u4f53\u8abf\u3092\u5d29\u3057\u3084\u3059\u3044\u671f\u9593\u3067\u3059\u306e\u3067\u7121\u7406\u306f\u305b\u305a\u3001\u81ea\u5206\u3092\u3044\u305f\u308f\u3063\u3066\u304f\u3060\u3055\u3044\u3002<\/span><br><span class=\"swl-fz u-fz-l\">\u6b21\u306e\u5b63\u7bc0\u306b\u79fb\u308b\u524d\u306e\u3054\u81ea\u8eab\u306e\u8abf\u6574\u671f\u9593\u3068\u8003\u3048\u308b\u3068\u826f\u3044\u3067\u3057\u3087\u3046\u3002<br>\u2015\u8eab\u4f53\u306e\u30e1\u30f3\u30c6\u30ca\u30f3\u30b9<br>\u3000\u7761\u7720\u3092\u305f\u304f\u3055\u3093\u3068\u3063\u3066\u8eab\u4f53\u3092\u4f11\u3081\u3066\u304f\u3060\u3055\u3044\u3002<br>\u3000\u30de\u30c3\u30b5\u30fc\u30b8\u3084\u6e29\u6cc9\u306b\u3086\u3063\u304f\u308a\u3064\u304b\u308b\u306a\u3069\u3082\u30aa\u30b9\u30b9\u30e1\u3067\u3059\u3002<br>\u2015\u5fc3\u8eab\u3068\u3082\u306b\u30ea\u30e9\u30c3\u30af\u30b9\u3059\u308b<br>\u3000\u304a\u597d\u304d\u306a\u30a2\u30ed\u30de\u3092\u711a\u304f\u3001\u5bb6\u65cf\u3067\u697d\u3057\u3044\u6642\u3092\u904e\u3054\u3059\u306a\u3069\u300c\u7652\u3057\u300d\u3092\u30c6\u30fc\u30de\u306b\u304a\u904e\u3054\u3057\u3092\uff01<br>\u2015\u30c7\u30c8\u30c3\u30af\u30b9<br>\u3000\u6e29\u6cc9\u3067\u6c57\u3092\u6d41\u3059\u3053\u3068\u3084\u3001\u65ad\u98df\u3001\u7791\u60f3\u306a\u3069\u5fc3\u8eab\u306e\u30c7\u30c8\u30c3\u30af\u30b9\u306f\u826f\u3044\u3067\u3059\u306d\u3002<br>\u3000\u65ad\u6368\u96e2\u3084\u304a\u6383\u9664\u306a\u3069\u74b0\u5883\u306e\u30c7\u30c8\u30c3\u30af\u30b9\u3082\u25ce\u3002<br>\u2015\u6642\u9593\u306b\u4f59\u88d5\u3092\u6301\u3063\u305f\u884c\u52d5\u3092<br>\u3000\u4e88\u5b9a\u3092\u8a70\u3081\u8fbc\u307e\u305a\u3001\u3086\u3063\u305f\u308a\u3068\u3057\u305f\u30b9\u30b1\u30b8\u30e5\u30fc\u30eb\u3067\u3002<\/span><\/p>\n\n\n\n<p><span class=\"swl-fz u-fz-l\">\u6c17\u304c\u4e71\u308c\u3066\u3044\u3066\u5168\u822c\u7684\u306b\u4eba\u304c\u30a4\u30e9\u30a4\u30e9\u3057\u304c\u3061\u3067\u3059\u3002\u8a00\u8449\u304c\u30ad\u30c4\u304f\u306a\u3063\u3066\u3044\u306a\u3044\u304b\u8a00\u52d5\u306b\u3054\u6ce8\u610f\u3092\u3002<br>\u4eba\u304b\u3089\u601d\u3044\u304c\u3051\u306a\u3044\u8a00\u8449\u3092\u53d7\u3051\u305f\u6642\u306f\u3001\u571f\u7528\u671f\u9593\u3067\u30a4\u30e9\u30a4\u30e9\u3057\u3066\u3044\u308b\u306e\u3060\u3068\u601d\u3063\u3066\u591a\u3081\u306b\u898b\u308b\u3053\u3068\u3067\u76f8\u624b\u3082\u81ea\u5206\u3082\u697d\u306b\u306a\u308c\u308b\u3067\u3057\u3087\u3046\u3002<\/span><\/p>\n\n\n\n<p><span class=\"swl-fz u-fz-l\">\u307e\u305f\u3001\u7269\u4e8b\u304c\u3044\u3064\u3082\u3088\u308a\u9806\u8abf\u306b\u904b\u3073\u306b\u304f\u3044\u6642\u3067\u3059\u3002<br>\u3053\u306e\u6642\u671f\u3001\u96fb\u8eca\u3084\u30d0\u30b9\u304c\u6642\u9593\u901a\u308a\u306b\u6765\u306a\u304b\u3063\u305f\u308a\u306a\u3069\u306f\u3088\u304f\u3042\u308b\u3053\u3068\u3067\u3059\u3002<\/span><br><span class=\"swl-fz u-fz-l\">\u304a\u51fa\u304b\u3051\u306e\u6642\u306f\u6642\u9593\u306b\u3082\u5fc3\u306b\u3082\u4f59\u88d5\u3092\u6301\u3063\u3066\u30a2\u30af\u30b7\u30e7\u30f3\u3059\u308b\u3053\u3068\u3092\u30aa\u30b9\u30b9\u30e1\u3057\u307e\u3059\u3002<\/span><\/p>\n\n\n\n<h2 class=\"wp-block-heading\">\u571f\u7528\u306b\u98df\u3079\u308b\u3068\u826f\u3044\u3082\u306e<\/h2>\n\n\n\n<p><span class=\"swl-fz u-fz-l\">\u300c\u590f\u571f\u7528\u306f\u4e11\u306e\u65e5\u306b\u3046\u306a\u304e\u3092\u98df\u3079\u308b\u300d\u3053\u308c\u306f\u5b9a\u756a\u4e2d\u306e\u5b9a\u756a\u3067\u3059\u3002\u305d\u306e\u7531\u6765\u306f\u5e73\u8cc0\u6e90\u5185\u8aac\u304c\u6d78\u900f\u3057\u3066\u3044\u307e\u3059\u304c\u3001\u571f\u7528\u306e\u4e11\u306e\u65e5\u306b\u306f\u3001\u9c3b\u3084\u3046\u3069\u3093\u306a\u3069\u300c\u3046\u306e\u3064\u304f\u98df\u3079\u7269\u3092\u98df\u3079\u308b\u3068\u3044\u3044\u300d\u3068\u3082\u8a00\u308f\u308c\u3066\u3044\u307e\u3059\u3002<\/span><\/p>\n\n\n\n<p><span class=\"swl-fz u-fz-l\">\u4ed6\u306e\u6625\u3001\u79cb\u3001\u51ac\u306e\u5404\u571f\u7528\u306b\u3082\u300c\u3007\u306e\u65e5\u306b\u00d7\u00d7\u00d7\u3092\u98df\u3079\u308b\u3068\u3044\u3044\u300d\u3068\u3044\u3046\u3082\u306e\u304c\u3042\u308a\u3001\u300c\u4e94\u884c\u300d\u306e\u8003\u3048\u65b9\u3067\u6c7a\u5b9a\u3055\u308c\u307e\u3059\u304c\u3001\u7c21\u5358\u306b\u8a00\u3046\u3068\u3001\u771f\u9006\u306e\u5b63\u7bc0\u306e\u8cea\u3067\u5236\u3059\u308b\uff01\u3068\u3044\u3046\u3053\u3068\u3002<br>\u4f8b\u3048\u3070\u3001\u590f\u571f\u7528\u306f\u3001\u672a\u306e\u6708\u3067\u8272\u306f\u8d64\u3092\u62c5\u5f53\u3057\u307e\u3059\u3002\u590f\u306e\u771f\u9006\u306e\u5b63\u7bc0\u306f\u51ac\u3067\u3059\u306e\u3067\u3001\u51ac\u571f\u7528\u306e\u8cea\uff1d\u4e11\u3001\u9ed2\u304b\u3089\u3001\u4e11\u306e\u65e5\u306b\u4e11\u306e\u300c\u3046\u300d\u306e\u4ed8\u304f\u3082\u306e\u3084\u3001\u9ed2\u3044\u98df\u3079\u7269\u3067\u5236\u3059\u308b\u3068\u8a00\u3046\u308f\u3051\u3067\u3059\u3002<\/span><br><br><span class=\"swl-fz u-fz-l\">\u5404\u571f\u7528\u306e\u6708\u306e\u5341\u4e8c\u652f\u3068\u8272\u306f\u3001<br>\u6625\u571f\u7528\uff1a\u65e7\u66a6\uff13\u6708\uff08\u8fb0\uff09\u3001\u6625\uff08\u6728\uff09\u3001\u9752<br>\u590f\u571f\u7528\uff1a\u65e7\u66a6\uff16\u6708\uff08\u672a\uff09\u3001\u590f\uff08\u706b\uff09\u3001\u8d64<br>\u79cb\u571f\u7528\uff1a\u65e7\u66a6\uff19\u6708\uff08\u620c\uff09\u3001\u79cb\uff08\u91d1\uff09\u3001\u767d<br>\u51ac\u571f\u7528\uff1a\u65e7\u66a6\uff11\uff12\u6708\uff08\u4e11\uff09\u3001\u51ac\uff08\u6c34\uff09\u3001\u9ed2\u3000\u3068\u306a\u3063\u3066\u3044\u307e\u3059\u3002<br><\/span><br><span class=\"swl-fz u-fz-l\">\u6625\u306e\u571f\u7528\u306b\u98df\u3079\u305f\u65b9\u304c\u826f\u3044\u3082\u306e\u306f\u3001\u53cd\u5bfe\u306e\u79cb\u306e\u571f\u7528\u306e\u3082\u306e\u3068\u3044\u3046\u3053\u3068\u306b\u306a\u308b\u306e\u3067\u3001\u300c\u620c\u306e\u65e5\u306b\u201d\u3044\u201d\u306e\u4ed8\u304f\u3082\u306e\u3084\u3001\u767d\u3044\u3082\u306e\u3092\u98df\u3079\u308b\u3068\u3044\u3044\u300d\u3068\u3044\u3046\u3053\u3068\u306b\u306a\u308a\u307e\u3059\u3002<\/span><br><br><span class=\"swl-fz u-fz-l\">\u307e\u3068\u3081\u308b\u3068\u3001<br>\u6625\u306e\u571f\u7528\u306f\u3001\u300c\u620c\u306e\u65e5\u306b\u201d\u3044\u201d\u306e\u4ed8\u304f\u3082\u306e\u3084\u767d\u3044\u3082\u306e\u3092\u98df\u3079\u308b\u3068\u3044\u3044\u300d<br>\u30fb\u30fb\u30a4\u30ab\u3001\u3044\u308f\u3057\u3001\u767d\u7c73\u3001\u5927\u6839\u3000\u306a\u3069<br>\u590f\u306e\u571f\u7528\u306f\u3001\u300c\u4e11\u306e\u65e5\u306b\u201d\u3046\u201d\u306e\u4ed8\u304f\u3082\u306e\u3084\u9ed2\u3044\u3082\u306e\u3092\u98df\u3079\u308b\u3068\u3044\u3044\u300d<br>\u30fb\u30fb\u9c3b\u3001\u3046\u3069\u3093\u3001\u6606\u5e03\u3001\u9ed2\u80e1\u9ebb\u3001\u9ed2\u8c46\u3000\u306a\u3069<br>\u79cb\u306e\u571f\u7528\u306f\u3001\u300c\u8fb0\u306e\u65e5\u306b\u201d\u305f\u201d\u306e\u4ed8\u304f\u3082\u306e\u3084\u9752\u3044\u3082\u306e\u3092\u98df\u3079\u308b\u3068\u3044\u3044\u300d<br>\u30fb\u30fb\u305f\u3051\u306e\u3053\u3001\u30bf\u30b3\u3001\u9752\u9b5a\uff08\u9bd6\u3084\u3055\u3093\u307e\uff09\u306a\u3069<br>\u51ac\u306e\u571f\u7528\u306f\u3001\u300c\u672a\u306e\u65e5\u306b\u201d\u3072\u201d\u306e\u4ed8\u304f\u3082\u306e\u3084\u8d64\u3044\u3082\u306e\u3092\u98df\u3079\u308b\u3068\u3044\u3044\u300d<br>\u30fb\u30fb\u30d2\u30e9\u30e1\u3001\u3072\u3058\u304d\u3001\u30c8\u30de\u30c8\u3001\u308a\u3093\u3054\u3000\u306a\u3069<br>\u3068\u306a\u308a\u307e\u3059\u3002<\/span><\/p>\n\n\n\n<h2 class=\"wp-block-heading\">\u571f\u7528\u9593\u65e5\u3068\u306f<\/h2>\n\n\n\n<p><span class=\"swl-fz u-fz-l\">\u571f\u7528\u9593\u65e5\u3068\u306f\u3001\u571f\u306e\u795e\u69d8\u304c\u5929\u4e0a\u306b\u547c\u3070\u308c\u3066\u5730\u4e0a\u3092\u96e2\u308c\u308b\u65e5\u3067\u3001\u571f\u306b\u95a2\u3059\u308b\u4f5c\u696d\u3092\u3057\u3066\u3082\u8a31\u3055\u308c\u308b\u3068\u3055\u308c\u3066\u3044\u307e\u3059\u3002<br>\u5404\u571f\u7528\u306e\u9593\u65e5\u306f\u3001<br>\u6625\u571f\u7528\uff1a\u5df3\u30fb\u5348\u30fb\u9149\u306e\u65e5<br>\u590f\u571f\u7528\uff1a\u536f\u30fb\u8fb0\u30fb\u7533\u306e\u65e5<br>\u79cb\u571f\u7528\uff1a\u672a\u30fb\u9149\u30fb\u4ea5\u306e\u65e5<br>\u51ac\u571f\u7528\uff1a\u5bc5\u30fb\u536f\u30fb\u5df3\u306e\u65e5\u3000\u3068\u306a\u308a\u307e\u3059\u3002<\/span><br><br><span class=\"swl-fz u-fz-l\">\uff12\uff10\uff12\uff13\u5e74\u306e\u571f\u7528\u9593\u65e5\u306f\u3001\u6b21\u306e\u901a\u308a\u3067\u3059\u3002<br>\u6625\u571f\u7528\uff1a<br>\uff14\/\uff12\uff13\uff08\u5df3\uff09\u3001\uff14\/\uff12\uff14\uff08\u5348\uff09\u3001\uff14\/\uff12\uff17\uff08\u9149\uff09<br>\u590f\u571f\u7528\uff1a<br>\uff17\/\uff11\uff19\uff08\u7533\uff09\u3001\uff17\/\uff12\uff16\uff08\u536f\uff09\u3001\uff17\/\uff12\uff17\uff08\u8fb0\uff09\u3001\uff17\/\uff13\uff11\uff08\u7533\uff09<br>\u79cb\u571f\u7528\uff1a<br>\uff11\uff10\/\uff12\uff12\uff08\u672a\uff09\u3001\uff11\uff10\/\uff12\uff14\uff08\u9149\uff09\u3001\uff11\uff10\/\uff12\uff16\uff08\u4ea5\uff09\u3001\uff11\uff11\/\uff13\uff08\u672a\uff09\u3001\uff11\uff11\/\uff15\uff08\u9149\uff09<br>\u51ac\u571f\u7528\uff1a<br>\uff12\uff10\uff12\uff15\u5e74\uff11\/\uff12\uff11\uff08\u5bc5\uff09\u3001\uff11\/\uff12\uff12\uff08\u536f\uff09\u3001\uff11\/\uff12\uff14\uff08\u5df3\uff09\u3001\uff12\/\uff12\uff08\u5bc5\uff09<\/span><\/p>\n\n\n\n\n\n\n\n<p><span class=\"swl-fz u-fz-l\">\u571f\u7528\u671f\u9593\u306f\u81ea\u5206\u3092\u5927\u5207\u306b\u3059\u308b\u3053\u3068\u3092\u30e2\u30c3\u30c8\u30fc\u306b\u3001\u7f8e\u5473\u3057\u3044\u3082\u306e\u3092\u98df\u3079\u305f\u308a\u3001\u304a\u597d\u304d\u306a\u3053\u3068\u3092\u3057\u3066\u3001\u5fc3\u8eab\u5171\u306b\u30ea\u30e9\u30c3\u30af\u30b9\u3057\u3066\u304a\u904e\u3054\u3057\u3044\u305f\u3060\u304d\u305f\u3044\u3067\u3059\u3002<br>\u3069\u3046\u305e\u3054\u81ea\u611b\u304f\u3060\u3055\u3044\u3002<\/span><\/p>\n","protected":false},"excerpt":{"rendered":"<p>\u4e2d\u7530\u5cf6\u7802\u4e18\u306e\u98a8\u7d0b \u00a9 SUN \u30af\u30ea\u30a8\u30a4\u30c6\u30a3\u30d6\u30fb\u30b3\u30e2\u30f3\u30ba\u30fb\u30e9\u30a4\u30bb\u30f3\u30b9\uff08\u8868\u793a4.0 \u56fd\u969b\uff09https:\/\/creativecommons.org\/licenses\/by\/4.0\/ \u571f\u7528\u3068\u306f \u5b63\u7bc0\u306e\u5909\u308f\u308a\u76ee\u306e\u7d04\uff11\uff18\u65e5\u9593\u3002\u571f\u306e\u795e [&hellip;]<\/p>\n","protected":false},"author":1,"featured_media":0,"parent":0,"menu_order":0,"comment_status":"closed","ping_status":"closed","template":"","meta":{"swell_btn_cv_data":"","footnotes":""},"class_list":["post-312","page","type-page","status-publish","hentry"],"_links":{"self":[{"href":"https:\/\/techno-gateway.com\/ninestarsenergy\/wp-json\/wp\/v2\/pages\/312","targetHints":{"allow":["GET"]}}],"collection":[{"href":"https:\/\/techno-gateway.com\/ninestarsenergy\/wp-json\/wp\/v2\/pages"}],"about":[{"href":"https:\/\/techno-gateway.com\/ninestarsenergy\/wp-json\/wp\/v2\/types\/page"}],"author":[{"embeddable":true,"href":"https:\/\/techno-gateway.com\/ninestarsenergy\/wp-json\/wp\/v2\/users\/1"}],"replies":[{"embeddable":true,"href":"https:\/\/techno-gateway.com\/ninestarsenergy\/wp-json\/wp\/v2\/comments?post=312"}],"version-history":[{"count":11,"href":"https:\/\/techno-gateway.com\/ninestarsenergy\/wp-json\/wp\/v2\/pages\/312\/revisions"}],"predecessor-version":[{"id":1416,"href":"https:\/\/techno-gateway.com\/ninestarsenergy\/wp-json\/wp\/v2\/pages\/312\/revisions\/1416"}],"wp:attachment":[{"href":"https:\/\/techno-gateway.com\/ninestarsenergy\/wp-json\/wp\/v2\/media?parent=312"}],"curies":[{"name":"wp","href":"https:\/\/api.w.org\/{rel}","templated":true}]}}